{"id":1085,"date":"2017-09-04T14:39:13","date_gmt":"2017-09-04T12:39:13","guid":{"rendered":"http:\/\/air-avionics.com\/new?page_id=1085"},"modified":"2026-04-06T22:06:19","modified_gmt":"2026-04-06T20:06:19","slug":"acd-57-lizenz-system","status":"publish","type":"page","link":"https:\/\/www.air-avionics.com\/de\/acd-57-lizenz-system\/","title":{"rendered":"ACD-57 Lizenz\/Datenbank System"},"content":{"rendered":"<h1>AIR Control Display<\/h1>\n<h2>Funktionslizenzen und Datenbank System<\/h2>\n<div>\n<p style=\"text-align: center;\">Auf dieser Seite werden Funktionslizenzen oder Frequenzdatenbanken f\u00fcr das AIR Control Display generiert. Bitte scrollen Sie an das Ende dieser Seite um Funktionslizenzen oder Datenbanken mithilfe Ihres zuvor erworbenen Couponcodes zu erzeugen. Falls Sie noch keinen Couponcode haben, k\u00f6nnen Sie diesen im <a href=\"http:\/\/www.air-store.eu\">AIR STORE<\/a> erwerben.<\/p>\n<\/div>\n<h2>H\u00e4ufig gestellte Fragen<\/h2>\n<ul>\n<li>\n<h3>Welche Funktionen erfordern eine Frequenzdatenbank, wie wird diese aktualisiert?<\/h3>\n<div>\n<p>Die Anzeige von Namen zu Funkfrequenzen sowie die positionsgest\u00fctzte Auswahl von Funkfrequenzen (NEAREST) erfordert eine Frequenzdatenbank.<\/p>\n<p>Die Datenbank wird auf die mitgelieferte microSD-Speicherkarte gespielt. Die Speicherkarte muss immer im Ger\u00e4t eingesetzt bleiben, damit dieses auf die Datenbank zugreifen kann. Aus Sicherheitsgr\u00fcnden muss die Datenbank immer valide und aktuell sein.\u00a0<\/p>\n<p>Im Lieferumfang des AIR Control Display ist ein zweij\u00e4hriges Recht zu kostenfreien Updates f\u00fcr die Datenbank enthalten. Innerhalb dieses Zeitraumes kann die Datenbank beliebig oft aktualisiert werden. Hierzu wird ein Coupon-Code auf dieser Webseite (unten) zusammen mit der Ger\u00e4teseriennummer eingegeben und die Datenbank heruntergeladen.\u00a0<\/p>\n<p>Nach dieser Frist k\u00f6nnen Updaterechte online im AIR STORE erworben werden. Wir planen die Kosten niedrig zu halten, basierend auf den tats\u00e4chlichen Kosten zur Unterhaltung der Infrastruktur sowie der Datenbank.<\/p>\n<\/div>\n<\/li>\n<li>\n<h3>Wie komme ich an die Datenbank, wie l\u00e4uft das ab?<\/h3>\n<div>\n<p>Mit jedem AIR Control Display wird ein zweij\u00e4hriges kostenfreies Updaterecht mitgeliefert, hierzu ist ein Couponcode im Lieferumfang enthalten.<\/p>\n<p>Nach diesen zwei Jahren besuchen Sie bitte den <a href=\"http:\/\/www.air-store.eu\">AIR STORE<\/a>\u00a0um ein neues Updaterecht der Datenbank zu erwerben (es werden mehrere Zeitr\u00e4ume angeboten).\u00a0Nach dem Kauf erhalten Sie per eMail einen Couponcode zugesandt.<\/p>\n<p>Geben Sie den Couponcode hier auf dieser Seite (unten) ein. Bei der ersten Eingabe werden Sie zus\u00e4tzlich nach Ihrer Ger\u00e4te-Seriennummer und Ihrer eMailadresse gefragt.<\/p>\n<p>Nachdem Sie die Eingaben erfolgreich get\u00e4tigt haben, erhalten Sie einen Downloadlink f\u00fcr die aktuelle Datenbank per eMail zugesandt.<\/p>\n<p>Um w\u00e4hrend Ihres erworbenen G\u00fcltigkeitszeitraumes die Datenbank zu aktualisieren, k\u00f6nnen Sie den Couponcode einfach nochmals unten eingeben und erhalten einen aktuellen Downloadlink per eMail.<\/p>\n<\/div>\n<\/li>\n<li>\n<h3>Was sind Funktionslizenzen und wozu brauche ich diese?<\/h3>\n<div>\n<p>Einige Funktionen im ACD-57 bed\u00fcrfen einer Freischaltung um genutzt werden zu k\u00f6nnen. Hierzu muss ein Lizenzcode einmalig in das ACD-57 eingegeben werden, um die Funktion freizuschalten.<\/p>\n<p>Folgende Funktionen m\u00fcssen freigeschaltet werden, um genutzt werden zu k\u00f6nnen:<\/p>\n<ul>\n<li>H\u00f6henmesserfunktion<\/li>\n<li>Steuerung eines TQ\/Dittel KRT Funkger\u00e4tes<\/li>\n<li>Steuerung eines Becker 62XX Funkger\u00e4tes<\/li>\n<\/ul>\n<p>Betrachtet man seine F\u00e4higkeiten, bieten wir das ACD-57 zu einem sehr g\u00fcnstigen Preis an. Dies ist m\u00f6glich, da wir nicht alle Funktionen direkt mit Ger\u00e4tekauf &#8220;mitliefern&#8221;. Unser Modell mit Softwarelizenzen erm\u00f6glicht es uns, das ACD-57 an Nutzer von Standardfunktionen zu diesem g\u00fcnstigen Preis anbieten zu k\u00f6nnen. Nutzer die speziellere Funktionen, wie z.B. den integrierten ETSO zugelassenen H\u00f6henmesser, nutzen m\u00f6chten, k\u00f6nnen diese Funktionen separat erwerben. Ohne das Lizenzmodell m\u00fcssten wir von allen Kunden beim Kauf die Preise f\u00fcr das komplette Funktionsspektrum des ACD-57 verlangen, was das Ger\u00e4t deutlich verteuern w\u00fcrde. Das Lizenzmodell erm\u00f6glicht, Funktionen auch nachtr\u00e4glich, eventuell sogar Jahre nach dem Kauf, nachzur\u00fcsten.<\/p>\n<p>Im AIR STORE bieten wir Kombinationen des ACD-57 mit Becker oder TQ\/Dittel Funkger\u00e4ten an. In diesem Sonderfall fallen keine zus\u00e4tzlichen Kosten f\u00fcr Lizenzgeb\u00fchren an.<\/p>\n<\/div>\n<\/li>\n<li>\n<h3>Wo kann ich Funktionslizenzen erwerben, wie l\u00e4uft das ab?<\/h3>\n<div>\n<p>Bitte besuchen Sie den <a href=\"http:\/\/www.air-store.eu\">AIR STORE<\/a>\u00a0um die gew\u00fcnschte Funktion zu erwerben.\u00a0<\/p>\n<p>Nach dem Kauf erhalten Sie per eMail einen Couponcode zugesandt. Diesen Code geben Sie hier auf dieser Seite (unten) in ein Formular ein. Bei der Eingabe werden Sie zus\u00e4tzlich nach Ihrer Ger\u00e4te-Seriennummer gefragt.<\/p>\n<p>Nachdem Sie den Couponcode und die Seriennummer erfolgreich eingegeben haben, erhalten Sie einen Lizenzcode f\u00fcr die Freischaltung der Funktion im Ger\u00e4t. Diesen Lizenzcode k\u00f6nnen Sie direkt in Ihrem AIR Control Display eingeben (im Konfigurationsmen\u00fc unter LICENSES und INSTALL).<\/p>\n<p>Falls Sie den Code nochmals erhalten m\u00f6chten, k\u00f6nnen Sie den Couponcode einfach nochmals unten eingeben.<\/p>\n<\/div>\n<\/li>\n<li>\n<h3>Meine eMail Adresse hat sich ge\u00e4ndert, was tun?<\/h3>\n<div>\n<p>Sie k\u00f6nnen Ihre eMailadresse jederzeit auf <a href=\"https:\/\/addons.air-avionics.com\/python\/changeMail.cgi\" target=\"_blank\" rel=\"noopener\">dieser Seite<\/a>\u00a0\u00e4ndern. Geben Sie bitte Ihren Couponcode sowie die neue eMailadresse ein.<\/p>\n<\/div>\n<\/li>\n<\/ul>\n<h2>Installation von Lizenzen, Funktionen und Datenbanken<\/h2>\n<div>\n<p style=\"text-align: center;\">Bitte dr\u00fccken Sie auf den Knopf unten und geben Sie Ihren Couponcode auf der folgenden Seite ein. Bei der ersten Eingabe geben Sie bitte auch Ihre Ger\u00e4te Seriennummer ein. Die Seriennummer finden Sie auf der R\u00fcckseite des Ger\u00e4ts aufgedruckt oder im Men\u00fc des Ger\u00e4ts.<\/p>\n<\/div>\n<ul>\n<li>\n<p>\n        <a href=\"https:\/\/addons.air-avionics.com\">Couponcode Eingabe Starten \/ Neue Lizenz oder Datenbank installieren<\/a>\n    <\/p>\n<\/li>\n<li>\n<p>\n        <a href=\"https:\/\/addons.air-avionics.com\/python\/showAddons.cgi\">Aktive Lizenzen und Datenbanken f\u00fcr Ihr Ger\u00e4t erneut aufrufen<\/a>\n    <\/p>\n<\/li>\n<\/ul>\n<p><!--more--><br \/>\n<!-- {\"type\":\"layout\",\"children\":[{\"name\":\"Intro\",\"type\":\"section\",\"props\":{\"height_viewport\":false,\"image_position\":\"center-center\",\"image_size\":\"cover\",\"media_background\":\"#fff\",\"media_overlay\":\"rgba(0,0,0,0)\",\"padding\":\"large\",\"style\":\"default\",\"title_breakpoint\":\"xl\",\"title_position\":\"top-left\",\"title_rotation\":\"left\",\"vertical_align\":\"\",\"width\":\"small\"},\"children\":[{\"type\":\"row\",\"children\":[{\"type\":\"column\",\"props\":{\"image_position\":\"center-center\",\"position_sticky_breakpoint\":\"m\",\"width_medium\":\"1-1\"},\"children\":[{\"type\":\"headline\",\"props\":{\"block_align\":\"center\",\"content\":\"AIR Control Display\",\"margin\":\"remove-vertical\",\"margin_remove_bottom\":false,\"text_align\":\"center\",\"title_element\":\"h1\",\"title_style\":\"heading-small\"}},{\"type\":\"headline\",\"props\":{\"content\":\"Funktionslizenzen und Datenbank System\",\"margin\":\"small\",\"text_align\":\"center\",\"title_element\":\"h2\",\"title_style\":\"h4\"}},{\"type\":\"text\",\"props\":{\"column_breakpoint\":\"m\",\"content\":\"\n\n<p style=\\\"text-align: center;\\\">Auf dieser Seite werden Funktionslizenzen oder Frequenzdatenbanken f\\u00fcr das AIR Control Display generiert. Bitte scrollen Sie an das Ende dieser Seite um Funktionslizenzen oder Datenbanken mithilfe Ihres zuvor erworbenen Couponcodes zu erzeugen. Falls Sie noch keinen Couponcode haben, k\\u00f6nnen Sie diesen im <a href=\\\"http:\\\/\\\/www.air-store.eu\\\">AIR STORE<\\\/a> erwerben.<\\\/p>\",\"margin\":\"default\"}}]}]}]},{\"type\":\"section\",\"props\":{\"id\":\"FAQ\",\"image_position\":\"center-center\",\"image_size\":\"cover\",\"padding\":\"large\",\"padding_remove_top\":true,\"style\":\"default\",\"title_breakpoint\":\"xl\",\"title_position\":\"top-left\",\"title_rotation\":\"left\",\"vertical_align\":\"\",\"width\":\"small\"},\"children\":[{\"type\":\"row\",\"props\":{\"margin\":\"xlarge\"},\"children\":[{\"type\":\"column\",\"props\":{\"image_position\":\"center-center\",\"position_sticky_breakpoint\":\"m\",\"width_medium\":\"1-1\"},\"children\":[{\"type\":\"headline\",\"props\":{\"content\":\"H\\u00e4ufig gestellte Fragen\",\"margin\":\"medium\",\"text_align\":\"left\",\"title_element\":\"h2\",\"title_style\":\"h4\"}},{\"type\":\"accordion\",\"props\":{\"collapsible\":true,\"content_column_breakpoint\":\"m\",\"image_align\":\"top\",\"image_grid_breakpoint\":\"m\",\"image_grid_width\":\"1-2\",\"image_svg_color\":\"emphasis\",\"link_style\":\"default\",\"link_text\":\"Read more\",\"multiple\":false,\"show_image\":true,\"show_link\":true},\"children\":[{\"type\":\"accordion_item\",\"props\":{\"content\":\"\n\n<p>Die Anzeige von Namen zu Funkfrequenzen sowie die positionsgest\\u00fctzte Auswahl von Funkfrequenzen (NEAREST) erfordert eine Frequenzdatenbank.<\\\/p>\\n\n\n<p>Die Datenbank wird auf die mitgelieferte microSD-Speicherkarte gespielt. Die Speicherkarte muss immer im Ger\\u00e4t eingesetzt bleiben, damit dieses auf die Datenbank zugreifen kann. Aus Sicherheitsgr\\u00fcnden muss die Datenbank immer valide und aktuell sein.\\u00a0<\\\/p>\\n\n\n<p>Im Lieferumfang des AIR Control Display ist ein zweij\\u00e4hriges Recht zu kostenfreien Updates f\\u00fcr die Datenbank enthalten. Innerhalb dieses Zeitraumes kann die Datenbank beliebig oft aktualisiert werden. Hierzu wird ein Coupon-Code auf dieser Webseite (unten) zusammen mit der Ger\\u00e4teseriennummer eingegeben und die Datenbank heruntergeladen.\\u00a0<\\\/p>\\n\n\n<p>Nach dieser Frist k\\u00f6nnen Updaterechte online im AIR STORE erworben werden. Wir planen die Kosten niedrig zu halten, basierend auf den tats\\u00e4chlichen Kosten zur Unterhaltung der Infrastruktur sowie der Datenbank.<\\\/p>\",\"title\":\"Welche Funktionen erfordern eine Frequenzdatenbank, wie wird diese aktualisiert?\"}},{\"type\":\"accordion_item\",\"props\":{\"content\":\"\n\n<p>Mit jedem AIR Control Display wird ein zweij\\u00e4hriges kostenfreies Updaterecht mitgeliefert, hierzu ist ein Couponcode im Lieferumfang enthalten.<\\\/p>\\n\n\n<p>Nach diesen zwei Jahren besuchen Sie bitte den <a href=\\\"http:\\\/\\\/www.air-store.eu\\\">AIR STORE<\\\/a>\\u00a0um ein neues Updaterecht der Datenbank zu erwerben (es werden mehrere Zeitr\\u00e4ume angeboten).\\u00a0Nach dem Kauf erhalten Sie per eMail einen Couponcode zugesandt.<\\\/p>\\n\n\n<p>Geben Sie den Couponcode hier auf dieser Seite (unten) ein. Bei der ersten Eingabe werden Sie zus\\u00e4tzlich nach Ihrer Ger\\u00e4te-Seriennummer und Ihrer eMailadresse gefragt.<\\\/p>\\n\n\n<p>Nachdem Sie die Eingaben erfolgreich get\\u00e4tigt haben, erhalten Sie einen Downloadlink f\\u00fcr die aktuelle Datenbank per eMail zugesandt.<\\\/p>\\n\n\n<p>Um w\\u00e4hrend Ihres erworbenen G\\u00fcltigkeitszeitraumes die Datenbank zu aktualisieren, k\\u00f6nnen Sie den Couponcode einfach nochmals unten eingeben und erhalten einen aktuellen Downloadlink per eMail.<\\\/p>\",\"title\":\"Wie komme ich an die Datenbank, wie l\\u00e4uft das ab?\"}},{\"type\":\"accordion_item\",\"props\":{\"content\":\"\n\n<p>Einige Funktionen im ACD-57 bed\\u00fcrfen einer Freischaltung um genutzt werden zu k\\u00f6nnen. Hierzu muss ein Lizenzcode einmalig in das ACD-57 eingegeben werden, um die Funktion freizuschalten.<\\\/p>\\n\n\n<p>Folgende Funktionen m\\u00fcssen freigeschaltet werden, um genutzt werden zu k\\u00f6nnen:<\\\/p>\\n\n\n<ul>\\n\n\n<li>H\\u00f6henmesserfunktion<\\\/li>\\n\n\n<li>Steuerung eines TQ\\\/Dittel KRT Funkger\\u00e4tes<\\\/li>\\n\n\n<li>Steuerung eines Becker 62XX Funkger\\u00e4tes<\\\/li>\\n<\\\/ul>\\n\n\n<p>Betrachtet man seine F\\u00e4higkeiten, bieten wir das ACD-57 zu einem sehr g\\u00fcnstigen Preis an. Dies ist m\\u00f6glich, da wir nicht alle Funktionen direkt mit Ger\\u00e4tekauf \\\"mitliefern\\\". Unser Modell mit Softwarelizenzen erm\\u00f6glicht es uns, das ACD-57 an Nutzer von Standardfunktionen zu diesem g\\u00fcnstigen Preis anbieten zu k\\u00f6nnen. Nutzer die speziellere Funktionen, wie z.B. den integrierten ETSO zugelassenen H\\u00f6henmesser, nutzen m\\u00f6chten, k\\u00f6nnen diese Funktionen separat erwerben. Ohne das Lizenzmodell m\\u00fcssten wir von allen Kunden beim Kauf die Preise f\\u00fcr das komplette Funktionsspektrum des ACD-57 verlangen, was das Ger\\u00e4t deutlich verteuern w\\u00fcrde. Das Lizenzmodell erm\\u00f6glicht, Funktionen auch nachtr\\u00e4glich, eventuell sogar Jahre nach dem Kauf, nachzur\\u00fcsten.<\\\/p>\\n\n\n<p>Im AIR STORE bieten wir Kombinationen des ACD-57 mit Becker oder TQ\\\/Dittel Funkger\\u00e4ten an. In diesem Sonderfall fallen keine zus\\u00e4tzlichen Kosten f\\u00fcr Lizenzgeb\\u00fchren an.<\\\/p>\",\"title\":\"Was sind Funktionslizenzen und wozu brauche ich diese?\"}},{\"type\":\"accordion_item\",\"props\":{\"content\":\"\n\n<p>Bitte besuchen Sie den <a href=\\\"http:\\\/\\\/www.air-store.eu\\\">AIR STORE<\\\/a>\\u00a0um die gew\\u00fcnschte Funktion zu erwerben.\\u00a0<\\\/p>\\n\n\n<p>Nach dem Kauf erhalten Sie per eMail einen Couponcode zugesandt. Diesen Code geben Sie hier auf dieser Seite (unten) in ein Formular ein. Bei der Eingabe werden Sie zus\\u00e4tzlich nach Ihrer Ger\\u00e4te-Seriennummer gefragt.<\\\/p>\\n\n\n<p>Nachdem Sie den Couponcode und die Seriennummer erfolgreich eingegeben haben, erhalten Sie einen Lizenzcode f\\u00fcr die Freischaltung der Funktion im Ger\\u00e4t. Diesen Lizenzcode k\\u00f6nnen Sie direkt in Ihrem AIR Control Display eingeben (im Konfigurationsmen\\u00fc unter LICENSES und INSTALL).<\\\/p>\\n\n\n<p>Falls Sie den Code nochmals erhalten m\\u00f6chten, k\\u00f6nnen Sie den Couponcode einfach nochmals unten eingeben.<\\\/p>\",\"title\":\"Wo kann ich Funktionslizenzen erwerben, wie l\\u00e4uft das ab?\"}},{\"type\":\"accordion_item\",\"props\":{\"content\":\"\n\n<p>Sie k\\u00f6nnen Ihre eMailadresse jederzeit auf <a href=\\\"https:\\\/\\\/addons.air-avionics.com\\\/python\\\/changeMail.cgi\\\" target=\\\"_blank\\\" rel=\\\"noopener\\\">dieser Seite<\\\/a>\\u00a0\\u00e4ndern. Geben Sie bitte Ihren Couponcode sowie die neue eMailadresse ein.<\\\/p>\",\"title\":\"Meine eMail Adresse hat sich ge\\u00e4ndert, was tun?\"}}]}]}]}]},{\"name\":\"Intro\",\"type\":\"section\",\"props\":{\"height_viewport\":false,\"image_position\":\"center-center\",\"image_size\":\"cover\",\"media_background\":\"#fff\",\"media_overlay\":\"rgba(0,0,0,0)\",\"padding\":\"small\",\"style\":\"default\",\"title_breakpoint\":\"xl\",\"title_position\":\"top-left\",\"title_rotation\":\"left\",\"vertical_align\":\"\",\"width\":\"small\"},\"children\":[{\"type\":\"row\",\"children\":[{\"type\":\"column\",\"props\":{\"image_position\":\"center-center\",\"position_sticky_breakpoint\":\"m\",\"width_medium\":\"1-1\"},\"children\":[{\"type\":\"headline\",\"props\":{\"content\":\"Installation von Lizenzen, Funktionen und Datenbanken\",\"margin\":\"small\",\"text_align\":\"center\",\"title_element\":\"h2\",\"title_style\":\"h2\"}},{\"type\":\"text\",\"props\":{\"column_breakpoint\":\"m\",\"content\":\"\n\n<p style=\\\"text-align: center;\\\">Bitte dr\\u00fccken Sie auf den Knopf unten und geben Sie Ihren Couponcode auf der folgenden Seite ein. Bei der ersten Eingabe geben Sie bitte auch Ihre Ger\\u00e4te Seriennummer ein. Die Seriennummer finden Sie auf der R\\u00fcckseite des Ger\\u00e4ts aufgedruckt oder im Men\\u00fc des Ger\\u00e4ts.<\\\/p>\",\"margin\":\"default\"}},{\"type\":\"button\",\"props\":{\"grid_column_gap\":\"small\",\"grid_row_gap\":\"small\",\"margin\":\"default\",\"text_align\":\"center\"},\"children\":[{\"type\":\"button_item\",\"props\":{\"button_style\":\"primary\",\"content\":\"Couponcode Eingabe Starten \\\/ Neue Lizenz oder Datenbank installieren\",\"dialog_layout\":\"modal\",\"dialog_offcanvas_flip\":true,\"icon_align\":\"left\",\"image_height\":\"500\",\"image_width\":\"500\",\"link\":\"https:\\\/\\\/addons.air-avionics.com\",\"link_target\":\"blank\"}},{\"type\":\"button_item\",\"props\":{\"button_style\":\"default\",\"content\":\"Aktive Lizenzen und Datenbanken f\\u00fcr Ihr Ger\\u00e4t erneut aufrufen\",\"dialog_layout\":\"modal\",\"dialog_offcanvas_flip\":true,\"icon_align\":\"left\",\"link\":\"https:\\\/\\\/addons.air-avionics.com\\\/python\\\/showAddons.cgi\"}}]}]}]}]}],\"version\":\"4.5.32\"} --><\/p>\n","protected":false},"excerpt":{"rendered":"<p>AIR Control Display Funktionslizenzen und Datenbank System Auf dieser Seite werden Funktionslizenzen oder Frequenzdatenbanken f\u00fcr das AIR Control Display generiert. Bitte scrollen Sie an das Ende dieser Seite um Funktionslizenzen oder Datenbanken mithilfe Ihres zuvor erworbenen Couponcodes zu erzeugen. Falls Sie noch keinen Couponcode haben, k\u00f6nnen Sie diesen im AIR STORE erwerben. H\u00e4ufig gestellte Fragen [&hellip;]<\/p>\n","protected":false},"author":1,"featured_media":0,"parent":0,"menu_order":0,"comment_status":"closed","ping_status":"closed","template":"","meta":{"footnotes":""},"class_list":["post-1085","page","type-page","status-publish","hentry"],"_links":{"self":[{"href":"https:\/\/www.air-avionics.com\/de\/wp-json\/wp\/v2\/pages\/1085","targetHints":{"allow":["GET"]}}],"collection":[{"href":"https:\/\/www.air-avionics.com\/de\/wp-json\/wp\/v2\/pages"}],"about":[{"href":"https:\/\/www.air-avionics.com\/de\/wp-json\/wp\/v2\/types\/page"}],"author":[{"embeddable":true,"href":"https:\/\/www.air-avionics.com\/de\/wp-json\/wp\/v2\/users\/1"}],"replies":[{"embeddable":true,"href":"https:\/\/www.air-avionics.com\/de\/wp-json\/wp\/v2\/comments?post=1085"}],"version-history":[{"count":23,"href":"https:\/\/www.air-avionics.com\/de\/wp-json\/wp\/v2\/pages\/1085\/revisions"}],"predecessor-version":[{"id":47929,"href":"https:\/\/www.air-avionics.com\/de\/wp-json\/wp\/v2\/pages\/1085\/revisions\/47929"}],"wp:attachment":[{"href":"https:\/\/www.air-avionics.com\/de\/wp-json\/wp\/v2\/media?parent=1085"}],"curies":[{"name":"wp","href":"https:\/\/api.w.org\/{rel}","templated":true}]}}