{"id":47210,"date":"2025-05-30T07:10:52","date_gmt":"2025-05-30T05:10:52","guid":{"rendered":"https:\/\/staging.air-avionics.com\/?page_id=47210"},"modified":"2025-05-30T07:21:28","modified_gmt":"2025-05-30T05:21:28","slug":"air-avionics-haendler","status":"publish","type":"page","link":"https:\/\/www.air-avionics.com\/de\/air-avionics-haendler\/","title":{"rendered":"AIR Avionics H\u00e4ndler"},"content":{"rendered":"<h1>So kaufen Sie unsere AIR Avionics Produkte<\/h1>\n<h2><span>Wir vertreiben unsere Avioniksysteme weltweit \u00fcber ausgesuchte Fachh\u00e4ndler, Wartungsbetriebe und Partner. In Europa verkaufen wir zus\u00e4tzlich direkt \u00fcber den <a href=\"https:\/\/www.air-store.eu\">AIR Store<\/a>.\u00a0<\/span><\/h2>\n<div>\n<p style=\"text-align: center;\">Unsere Produkte werden \u00fcber ein umfangreiches H\u00e4ndlernetz verkauft. Unsere H\u00e4ndler sind Experten, die Sie gerne beraten und unterst\u00fctzen. Zus\u00e4tzlich zu unseren H\u00e4ndlern steht Ihnen unser Support-Team an Werktagen (CET) zur Verf\u00fcgung.<\/p>\n<\/div>\n<ul>\n<li>\n        <a href=\"\/index.php?page_id=651\">Support erhalten<\/a>\n    <\/li>\n<li>\n        <a href=\"https:\/\/www.air-store.eu\">AIR Store \u00f6ffnen<\/a>\n    <\/li>\n<\/ul>\n<p><img decoding=\"async\" src=\"\/wp-content\/uploads\/AT-2-05-Kopie.png\" alt=\"\"><\/p>\n<div>\n<p><span><style>\r\n\t#wpsl-stores .wpsl-store-thumb {height:45px !important; width:45px !important;}\r\n\t#wpsl-stores, #wpsl-direction-details, #wpsl-gmap {height:800px !important;}\r\n\t#wpsl-gmap .wpsl-info-window {max-width:225px !important;}\r\n\t.wpsl-input label, #wpsl-radius label, #wpsl-category label {width:95px;}\r\n\t#wpsl-search-input  {width:300px;}\r\n<\/style>\r\n<div id=\"wpsl-wrap\">\r\n\t<div class=\"wpsl-search wpsl-clearfix wpsl-checkboxes-enabled\">\r\n\t\t<div id=\"wpsl-search-wrap\">\r\n\t\t\t<form autocomplete=\"off\">\r\n\t\t\t<div class=\"wpsl-input\">\r\n\t\t\t\t<div><label for=\"wpsl-search-input\">Enter Your location<\/label><\/div>\r\n\t\t\t\t<input id=\"wpsl-search-input\" type=\"text\" value=\"\" name=\"wpsl-search-input\" placeholder=\"\" aria-required=\"true\" \/>\r\n\t\t\t<\/div>\r\n<ul id=\"wpsl-checkbox-filter\" class=\"wpsl-checkbox-3-columns\"><li><label><input type=\"checkbox\" value=\"33\"  \/>Aircraft Dealer<\/label><\/li><li><label><input type=\"checkbox\" value=\"31\"  \/>Aircraft OEM<\/label><\/li><li><label><input type=\"checkbox\" value=\"34\"  \/>Flying School \/ Partner<\/label><\/li><li><label><input type=\"checkbox\" value=\"32\"  \/>Maintenance Shop<\/label><\/li><li><label><input type=\"checkbox\" value=\"30\"  \/>Retail Dealer<\/label><\/li><\/ul>\t\t\t\t<div class=\"wpsl-search-btn-wrap\"><input id=\"wpsl-search-btn\" type=\"submit\" value=\"Search\"><\/div>\r\n\t\t<\/form>\r\n\t\t<\/div>\r\n\t<\/div>\r\n\t<div id=\"wpsl-gmap\" class=\"wpsl-gmap-canvas\"><\/div>\r\n\t<div id=\"wpsl-result-list\">\r\n\t\t<div id=\"wpsl-stores\" >\r\n\t\t\t<ul><\/ul>\r\n\t\t<\/div>\r\n\t\t<div id=\"wpsl-direction-details\">\r\n\t\t\t<ul><\/ul>\r\n\t\t<\/div>\r\n\t<\/div>\r\n<\/div>\r\n<\/span><\/p>\n<\/div>\n<p><!--more--><br \/>\n<!-- {\"type\":\"layout\",\"children\":[{\"name\":\"Intro\",\"type\":\"section\",\"props\":{\"header_transparent\":\"dark\",\"height_viewport\":false,\"image\":\"wp-content\\\/uploads\\\/RV9a_1.jpg\",\"image_position\":\"bottom-right\",\"image_size\":\"width-1-1\",\"media\":\"images\\\/demo\\\/demo-image_01.jpg\",\"media_advanced\":true,\"media_background\":\"#fff\",\"media_overlay\":\"rgba(198, 219, 221, 0.77)\",\"media_size\":\"cover\",\"padding\":\"large\",\"style\":\"default\",\"title_breakpoint\":\"xl\",\"title_position\":\"top-left\",\"title_rotation\":\"left\",\"vertical_align\":\"middle\",\"width\":\"small\"},\"children\":[{\"type\":\"row\",\"children\":[{\"type\":\"column\",\"props\":{\"image_position\":\"center-center\",\"position_sticky_breakpoint\":\"m\",\"preserve_color\":false,\"style\":\"tile-primary\"},\"children\":[{\"type\":\"headline\",\"props\":{\"block_align\":\"center\",\"content\":\"So kaufen Sie unsere AIR Avionics Produkte\",\"margin\":\"remove-vertical\",\"margin_remove_bottom\":false,\"text_align\":\"center\",\"title_element\":\"h1\",\"title_style\":\"heading-small\"}},{\"type\":\"headline\",\"props\":{\"content\":\"<span>Wir vertreiben unsere Avioniksysteme weltweit \\u00fcber ausgesuchte Fachh\\u00e4ndler, Wartungsbetriebe und Partner. In Europa verkaufen wir zus\\u00e4tzlich direkt \\u00fcber den <a href=\\\"https:\\\/\\\/www.air-store.eu\\\">AIR Store<\\\/a>.\\u00a0<\\\/span>\",\"margin\":\"small\",\"text_align\":\"center\",\"title_element\":\"h2\",\"title_style\":\"h4\"}},{\"type\":\"text\",\"props\":{\"column_breakpoint\":\"m\",\"content\":\"\n\n<p style=\\\"text-align: center;\\\">Unsere Produkte werden \\u00fcber ein umfangreiches H\\u00e4ndlernetz verkauft. Unsere H\\u00e4ndler sind Experten, die Sie gerne beraten und unterst\\u00fctzen. Zus\\u00e4tzlich zu unseren H\\u00e4ndlern steht Ihnen unser Support-Team an Werktagen (CET) zur Verf\\u00fcgung.<\\\/p>\",\"margin\":\"default\"}},{\"type\":\"button\",\"props\":{\"grid_column_gap\":\"small\",\"grid_row_gap\":\"small\",\"margin\":\"default\",\"text_align\":\"center\"},\"children\":[{\"type\":\"button_item\",\"props\":{\"button_style\":\"primary\",\"content\":\"Support erhalten\",\"icon_align\":\"left\",\"link\":\"index.php?page_id=651\"}},{\"type\":\"button_item\",\"props\":{\"button_style\":\"default\",\"content\":\"AIR Store \\u00f6ffnen\",\"icon_align\":\"left\",\"link\":\"https:\\\/\\\/www.air-store.eu\"}}]},{\"type\":\"image\",\"props\":{\"image\":\"wp-content\\\/uploads\\\/AT-2-05-Kopie.png\",\"image_svg_color\":\"emphasis\",\"margin\":\"default\",\"position\":\"absolute\",\"position_left\":\"600\",\"position_top\":\"250\"}}]}]}]},{\"type\":\"section\",\"props\":{\"image_position\":\"center-center\",\"style\":\"default\",\"title_breakpoint\":\"xl\",\"title_position\":\"top-left\",\"title_rotation\":\"left\",\"vertical_align\":\"middle\",\"width\":\"default\"},\"children\":[{\"type\":\"row\",\"children\":[{\"type\":\"column\",\"props\":{\"image_position\":\"center-center\",\"position_sticky_breakpoint\":\"m\"},\"children\":[{\"type\":\"text\",\"props\":{\"column_breakpoint\":\"m\",\"content\":\"\n\n<p><span>[wpsl]<\\\/span><\\\/p>\",\"margin\":\"default\"}}]}]}]}],\"version\":\"4.2.11\"} --><\/p>\n","protected":false},"excerpt":{"rendered":"<p>So kaufen Sie unsere AIR Avionics Produkte Wir vertreiben unsere Avioniksysteme weltweit \u00fcber ausgesuchte Fachh\u00e4ndler, Wartungsbetriebe und Partner. In Europa verkaufen wir zus\u00e4tzlich direkt \u00fcber den AIR Store.\u00a0 Unsere Produkte werden \u00fcber ein umfangreiches H\u00e4ndlernetz verkauft. Unsere H\u00e4ndler sind Experten, die Sie gerne beraten und unterst\u00fctzen. Zus\u00e4tzlich zu unseren H\u00e4ndlern steht Ihnen unser Support-Team an [&hellip;]<\/p>\n","protected":false},"author":1,"featured_media":0,"parent":0,"menu_order":0,"comment_status":"closed","ping_status":"closed","template":"","meta":{"footnotes":""},"class_list":["post-47210","page","type-page","status-publish","hentry"],"_links":{"self":[{"href":"https:\/\/www.air-avionics.com\/de\/wp-json\/wp\/v2\/pages\/47210","targetHints":{"allow":["GET"]}}],"collection":[{"href":"https:\/\/www.air-avionics.com\/de\/wp-json\/wp\/v2\/pages"}],"about":[{"href":"https:\/\/www.air-avionics.com\/de\/wp-json\/wp\/v2\/types\/page"}],"author":[{"embeddable":true,"href":"https:\/\/www.air-avionics.com\/de\/wp-json\/wp\/v2\/users\/1"}],"replies":[{"embeddable":true,"href":"https:\/\/www.air-avionics.com\/de\/wp-json\/wp\/v2\/comments?post=47210"}],"version-history":[{"count":2,"href":"https:\/\/www.air-avionics.com\/de\/wp-json\/wp\/v2\/pages\/47210\/revisions"}],"predecessor-version":[{"id":47212,"href":"https:\/\/www.air-avionics.com\/de\/wp-json\/wp\/v2\/pages\/47210\/revisions\/47212"}],"wp:attachment":[{"href":"https:\/\/www.air-avionics.com\/de\/wp-json\/wp\/v2\/media?parent=47210"}],"curies":[{"name":"wp","href":"https:\/\/api.w.org\/{rel}","templated":true}]}}