{"id":647,"date":"2017-08-17T14:12:49","date_gmt":"2017-08-17T12:12:49","guid":{"rendered":"http:\/\/air-avionics.com\/new?page_id=647"},"modified":"2024-03-24T11:02:48","modified_gmt":"2024-03-24T10:02:48","slug":"media-infos","status":"publish","type":"page","link":"https:\/\/www.air-avionics.com\/de\/media-infos\/","title":{"rendered":"Media Infos"},"content":{"rendered":"<h1>Infos f\u00fcr Medien<\/h1>\n<div>\n<p>Auf dieser Seite stellen wir neuere Pressemeldungen f\u00fcr Medienvertreter und Interessierte zum Download zur Verf\u00fcgung.<\/p>\n<p>Falls Sie Medien-Infos, Einladungen zu Produkt-Pr\u00e4sentationen und Events von AIR Avionics per eMail erhalten m\u00f6chten, melden Sie Sich bitte hier an:<\/p>\n<\/div>\n<p>\n    <a href=\"http:\/\/butterfly.us1.list-manage.com\/subscribe?u=0f8de7c9bc1170e11dee18aae&#038;id=dddf679993\">Jetzt anmelden<\/a>\n<\/p>\n<h2>Aktuelle Pressemitteilungen<\/h2>\n<ul>\n<li>\n        <a href=\"\/wp-content\/uploads\/AIRAV_AERO23_France_EN.pdf\">FRENCH MILITARY CHOSES AT-1  &#8211; AIR Avionics wins major Tender with its AT-1 Collision Avoidance system<\/a>\n    <\/li>\n<li>\n        <a href=\"\/wp-content\/uploads\/AIRAV_AERO23_iGlide_DE.pdf\">NEUTSART F\u00dcR IGLIDE AND IPILOT  &#8211; Apps werden von NaviLogic \u00fcbernommen<\/a>\n    <\/li>\n<\/ul>\n<h2>Weitere Resourcen<\/h2>\n<p>\n    <a href=\"http:\/\/www.air-avionics.com\/media\/AIRAvionicsLogos.zip\">AIR Avionics Logo und Branding Paket<\/a>\n<\/p>\n<p><img decoding=\"async\" src=\"\/wp-content\/uploads\/Pitts_91A5176.jpg\" alt=\"AIR Avionics\"><\/p>\n<p><!--more--><br \/>\n<!-- {\"type\":\"layout\",\"children\":[{\"name\":\"About\",\"type\":\"section\",\"props\":{\"image_position\":\"center-center\",\"padding\":\"none\",\"style\":\"default\",\"title_breakpoint\":\"xl\",\"title_position\":\"top-left\",\"title_rotation\":\"left\",\"vertical_align\":\"middle\",\"width\":\"\"},\"children\":[{\"type\":\"row\",\"props\":{\"column_gap\":\"large\",\"layout\":\"1-2,1-2\",\"match\":false,\"row_gap\":\"large\",\"vertical_align\":false},\"children\":[{\"type\":\"column\",\"props\":{\"image_position\":\"center-center\",\"padding\":\"xlarge\",\"position_sticky_breakpoint\":\"m\",\"style\":\"tile-default\",\"width_medium\":\"1-2\"},\"children\":[{\"type\":\"headline\",\"props\":{\"content\":\"Infos f\\u00fcr Medien\",\"margin\":\"medium\",\"title_element\":\"h1\",\"title_style\":\"heading-medium\"}},{\"type\":\"text\",\"props\":{\"column_breakpoint\":\"m\",\"content\":\"\n\n<p>Auf dieser Seite stellen wir neuere Pressemeldungen f\\u00fcr Medienvertreter und Interessierte zum Download zur Verf\\u00fcgung.<\\\/p>\\n\n\n<p>Falls Sie Medien-Infos, Einladungen zu Produkt-Pr\\u00e4sentationen und Events von AIR Avionics per eMail erhalten m\\u00f6chten, melden Sie Sich bitte hier an:<\\\/p>\",\"margin\":\"medium\",\"maxwidth\":\"2xlarge\"}},{\"type\":\"button\",\"props\":{\"grid_column_gap\":\"small\",\"grid_row_gap\":\"small\",\"margin\":\"default\"},\"children\":[{\"type\":\"button_item\",\"props\":{\"button_style\":\"default\",\"content\":\"Jetzt anmelden\",\"icon\":\"mail\",\"icon_align\":\"left\",\"link\":\"http:\\\/\\\/butterfly.us1.list-manage.com\\\/subscribe?u=0f8de7c9bc1170e11dee18aae&id=dddf679993\",\"link_target\":\"blank\"}}]},{\"type\":\"headline\",\"props\":{\"content\":\"Aktuelle Pressemitteilungen\",\"margin\":\"xlarge\",\"margin_remove_bottom\":true,\"title_element\":\"h2\"}},{\"type\":\"button\",\"props\":{\"grid_column_gap\":\"small\",\"grid_row_gap\":\"small\",\"margin\":\"default\"},\"children\":[{\"type\":\"button_item\",\"props\":{\"button_style\":\"\",\"content\":\"FRENCH MILITARY CHOSES AT-1  - AIR Avionics wins major Tender with its AT-1 Collision Avoidance system\",\"icon\":\"download\",\"icon_align\":\"left\",\"link\":\"wp-content\\\/uploads\\\/AIRAV_AERO23_France_EN.pdf\"}},{\"type\":\"button_item\",\"props\":{\"button_style\":\"\",\"content\":\"NEUTSART F\\u00dcR IGLIDE AND IPILOT  - Apps werden von NaviLogic \\u00fcbernommen\",\"icon\":\"download\",\"icon_align\":\"left\",\"link\":\"wp-content\\\/uploads\\\/AIRAV_AERO23_iGlide_DE.pdf\"}}]},{\"type\":\"headline\",\"props\":{\"content\":\"Weitere Resourcen\",\"margin\":\"xlarge\",\"margin_remove_bottom\":true,\"title_element\":\"h2\"}},{\"type\":\"button\",\"props\":{\"grid_column_gap\":\"small\",\"grid_row_gap\":\"small\",\"margin\":\"default\"},\"children\":[{\"type\":\"button_item\",\"props\":{\"button_style\":\"\",\"content\":\"AIR Avionics Logo und Branding Paket\",\"icon\":\"download\",\"icon_align\":\"left\",\"link\":\"http:\\\/\\\/www.air-avionics.com\\\/media\\\/AIRAvionicsLogos.zip\"}}]}]},{\"type\":\"column\",\"props\":{\"image_position\":\"center-center\",\"padding\":\"none\",\"position_sticky_breakpoint\":\"m\",\"style\":\"tile-secondary\",\"width_medium\":\"1-2\"},\"children\":[{\"type\":\"image\",\"props\":{\"image\":\"wp-content\\\/uploads\\\/Pitts_91A5176.jpg\",\"image_alt\":\"AIR Avionics\",\"image_height\":\"2480\",\"image_svg_color\":\"emphasis\",\"image_width\":\"1400\",\"margin\":\"default\",\"position_left\":\"0\"}}]}]}]}],\"version\":\"4.2.11\"} --><\/p>\n","protected":false},"excerpt":{"rendered":"<p>Infos f\u00fcr Medien Auf dieser Seite stellen wir neuere Pressemeldungen f\u00fcr Medienvertreter und Interessierte zum Download zur Verf\u00fcgung. Falls Sie Medien-Infos, Einladungen zu Produkt-Pr\u00e4sentationen und Events von AIR Avionics per eMail erhalten m\u00f6chten, melden Sie Sich bitte hier an: Jetzt anmelden Aktuelle Pressemitteilungen FRENCH MILITARY CHOSES AT-1 &#8211; AIR Avionics wins major Tender with its [&hellip;]<\/p>\n","protected":false},"author":1,"featured_media":0,"parent":0,"menu_order":0,"comment_status":"closed","ping_status":"closed","template":"","meta":{"footnotes":""},"class_list":["post-647","page","type-page","status-publish","hentry"],"_links":{"self":[{"href":"https:\/\/www.air-avionics.com\/de\/wp-json\/wp\/v2\/pages\/647","targetHints":{"allow":["GET"]}}],"collection":[{"href":"https:\/\/www.air-avionics.com\/de\/wp-json\/wp\/v2\/pages"}],"about":[{"href":"https:\/\/www.air-avionics.com\/de\/wp-json\/wp\/v2\/types\/page"}],"author":[{"embeddable":true,"href":"https:\/\/www.air-avionics.com\/de\/wp-json\/wp\/v2\/users\/1"}],"replies":[{"embeddable":true,"href":"https:\/\/www.air-avionics.com\/de\/wp-json\/wp\/v2\/comments?post=647"}],"version-history":[{"count":9,"href":"https:\/\/www.air-avionics.com\/de\/wp-json\/wp\/v2\/pages\/647\/revisions"}],"predecessor-version":[{"id":3311,"href":"https:\/\/www.air-avionics.com\/de\/wp-json\/wp\/v2\/pages\/647\/revisions\/3311"}],"wp:attachment":[{"href":"https:\/\/www.air-avionics.com\/de\/wp-json\/wp\/v2\/media?parent=647"}],"curies":[{"name":"wp","href":"https:\/\/api.w.org\/{rel}","templated":true}]}}