{"id":649,"date":"2017-08-17T17:45:44","date_gmt":"2017-08-17T15:45:44","guid":{"rendered":"http:\/\/air-avionics.com\/new?page_id=649"},"modified":"2019-10-15T17:37:15","modified_gmt":"2019-10-15T15:37:15","slug":"navigation","status":"publish","type":"page","link":"https:\/\/www.air-avionics.com\/de\/navigation\/","title":{"rendered":"Navigation"},"content":{"rendered":"<p>iGlide<\/p>\n<p>iGlide ist unsere Segelflug Moving Map Software. iGlide kann auf allen Apple\u00ae iOS\u00ae Ger\u00e4ten benutzt werden. iGlide bietet eine v\u00f6llig neue \u00dcbersicht \u00fcber Umwelt und Luftr\u00e4ume. Die Wegplanung ist von Grund auf neu durchdacht und hilft selbst bei der Bew\u00e4ltigung schwierigster Situationen. iGlide im Flug zu bedienen macht Spa\u00df und geschieht ohne Stifte nur mit den Fingern. iGlide ist \u00fcbersichtlich und revolution\u00e4r einfach.<\/p>\n<p>Mehr \u00fcber iGlide erfahren<\/p>\n<p>iPilot<\/p>\n<p>iPilot ist unsere Motorflug-Moving Map App. iPilot verbindet weitreichende Navigationsfunktionen mit extrem schneller Bedienung. Spezielles Augenmerk wurde bei der Entwicklung auf Intiutivit\u00e4t und Einfachheit gelegt. iPilot erm\u00f6glicht es sprichw\u00f6rtlich in Sekunden, Ziele zu w\u00e4hlen, Routen zu planen oder Anflugbl\u00e4tter zu studieren.<\/p>\n<p>Mehr \u00fcber iPilot<\/p>\n<p><!-- {\"name\":\"\",\"type\":\"layout\",\"children\":[{\"name\":\"Main Products\",\"type\":\"section\",\"props\":{\"image_size\":\"cover\",\"width\":\"default\",\"padding\":\"large\",\"style\":\"default\",\"animation\":\"fade\",\"image_position\":\"center-center\",\"vertical_align\":\"middle\",\"title_position\":\"top-left\",\"title_rotation\":\"left\",\"title_breakpoint\":\"xl\"},\"children\":[{\"name\":\"\",\"type\":\"row\",\"props\":{\"layout\":\",\",\"breakpoint\":\"m\",\"divider\":true,\"gutter\":\"large\",\"fixed_width\":\"large\"},\"children\":[{\"name\":\"\",\"type\":\"column\",\"props\":{\"image_position\":\"center-center\",\"widths\":[\"\"]},\"children\":[{\"name\":\"\",\"type\":\"image\",\"props\":{\"margin\":\"default\",\"image\":\"wp-content\\\/uploads\\\/iGlide_1.jpg\",\"text_align\":\"center\"}},{\"name\":\"\",\"type\":\"headline\",\"props\":{\"title_element\":\"h1\",\"content\":\"iGlide\",\"text_align\":\"center\"}},{\"name\":\"\",\"type\":\"text\",\"props\":{\"margin\":\"default\",\"text_align\":\"center\",\"maxwidth\":\"large\",\"maxwidth_align\":\"center\",\"column_breakpoint\":\"m\",\"content\":\"\n\n<p>iGlide ist unsere Segelflug Moving Map Software. iGlide kann auf allen Apple\\u00ae iOS\\u00ae Ger\\u00e4ten benutzt werden. iGlide bietet eine v\\u00f6llig neue \\u00dcbersicht \\u00fcber Umwelt und Luftr\\u00e4ume. Die Wegplanung ist von Grund auf neu durchdacht und hilft selbst bei der Bew\\u00e4ltigung schwierigster Situationen. iGlide im Flug zu bedienen macht Spa\\u00df und geschieht ohne Stifte nur mit den Fingern. iGlide ist \\u00fcbersichtlich und revolution\\u00e4r einfach.<\\\/p>\"}},{\"name\":\"\",\"type\":\"button\",\"props\":{\"gutter\":\"small\",\"margin\":\"default\",\"text_align\":\"center\"},\"children\":[{\"name\":\"\",\"type\":\"button_item\",\"props\":{\"button_style\":\"default\",\"icon_align\":\"left\",\"content\":\"Mehr \\u00fcber iGlide erfahren\",\"link\":\"http:\\\/\\\/air-avionics.com\\\/?page_id=507&lang=de\"}}]}]},{\"name\":\"\",\"type\":\"column\",\"props\":{\"image_position\":\"center-center\",\"widths\":[\"\"]},\"children\":[{\"name\":\"\",\"type\":\"image\",\"props\":{\"margin\":\"default\",\"image\":\"wp-content\\\/uploads\\\/ipilot_1.jpg\",\"text_align\":\"center\"}},{\"name\":\"\",\"type\":\"headline\",\"props\":{\"title_element\":\"h1\",\"content\":\"iPilot\",\"text_align\":\"center\"}},{\"name\":\"\",\"type\":\"text\",\"props\":{\"margin\":\"default\",\"text_align\":\"center\",\"maxwidth\":\"large\",\"maxwidth_align\":\"center\",\"column_breakpoint\":\"m\",\"content\":\"\n\n<p>iPilot ist unsere Motorflug-Moving Map App. iPilot verbindet weitreichende Navigationsfunktionen mit extrem schneller Bedienung. Spezielles Augenmerk wurde bei der Entwicklung auf Intiutivit\\u00e4t und Einfachheit gelegt. iPilot erm\\u00f6glicht es sprichw\\u00f6rtlich in Sekunden, Ziele zu w\\u00e4hlen, Routen zu planen oder Anflugbl\\u00e4tter zu studieren.<\\\/p>\"}},{\"name\":\"\",\"type\":\"button\",\"props\":{\"gutter\":\"small\",\"margin\":\"default\",\"text_align\":\"center\"},\"children\":[{\"name\":\"\",\"type\":\"button_item\",\"props\":{\"button_style\":\"default\",\"icon_align\":\"left\",\"content\":\"Mehr \\u00fcber iPilot\",\"link\":\"http:\\\/\\\/air-avionics.com\\\/?page_id=536&lang=de\"}}]}]}]}]}]} --><\/p>\n","protected":false},"excerpt":{"rendered":"<p>iGlide iGlide ist unsere Segelflug Moving Map Software. iGlide kann auf allen Apple\u00ae iOS\u00ae Ger\u00e4ten benutzt werden. iGlide bietet eine v\u00f6llig neue \u00dcbersicht \u00fcber Umwelt und Luftr\u00e4ume. Die Wegplanung ist von Grund auf neu durchdacht und hilft selbst bei der Bew\u00e4ltigung schwierigster Situationen. iGlide im Flug zu bedienen macht Spa\u00df und geschieht ohne Stifte nur [&hellip;]<\/p>\n","protected":false},"author":1,"featured_media":0,"parent":0,"menu_order":0,"comment_status":"closed","ping_status":"closed","template":"","meta":{"footnotes":""},"class_list":["post-649","page","type-page","status-publish","hentry"],"_links":{"self":[{"href":"https:\/\/www.air-avionics.com\/de\/wp-json\/wp\/v2\/pages\/649","targetHints":{"allow":["GET"]}}],"collection":[{"href":"https:\/\/www.air-avionics.com\/de\/wp-json\/wp\/v2\/pages"}],"about":[{"href":"https:\/\/www.air-avionics.com\/de\/wp-json\/wp\/v2\/types\/page"}],"author":[{"embeddable":true,"href":"https:\/\/www.air-avionics.com\/de\/wp-json\/wp\/v2\/users\/1"}],"replies":[{"embeddable":true,"href":"https:\/\/www.air-avionics.com\/de\/wp-json\/wp\/v2\/comments?post=649"}],"version-history":[{"count":5,"href":"https:\/\/www.air-avionics.com\/de\/wp-json\/wp\/v2\/pages\/649\/revisions"}],"predecessor-version":[{"id":1720,"href":"https:\/\/www.air-avionics.com\/de\/wp-json\/wp\/v2\/pages\/649\/revisions\/1720"}],"wp:attachment":[{"href":"https:\/\/www.air-avionics.com\/de\/wp-json\/wp\/v2\/media?parent=649"}],"curies":[{"name":"wp","href":"https:\/\/api.w.org\/{rel}","templated":true}]}}